{"id":895,"date":"2019-02-15T12:13:47","date_gmt":"2019-02-15T11:13:47","guid":{"rendered":"http:\/\/mintfit-load.mat.tuhh.de\/?page_id=895"},"modified":"2025-04-16T09:33:27","modified_gmt":"2025-04-16T07:33:27","slug":"contact","status":"publish","type":"page","link":"https:\/\/www.mintfit.hamburg\/en\/about-mintfit\/contact\/","title":{"rendered":"Contact"},"content":{"rendered":"<p><strong>MINTFIT Hamburg <\/strong><\/p>\n<p>E-Mail: <a href=\"mailto:kontakt@mintfit.hamburg\">kontakt@mintfit.hamburg<\/a><br \/>\nPhone: +49 40 42878 4960<\/p>\n<p><strong>Address:<\/strong><br \/>\nMINTFIT Hamburg<br \/>\nArbeitsstelle MINTFIT Hamburg (AMH)<br \/>\nTechnische Universit\u00e4t Hamburg (TUHH)<br \/>\nSchlo\u00dfm\u00fchlendamm 30<br \/>\n21073 Hamburg<\/p>\n<p><strong>Contact form<\/strong><\/p>\n\n<div class=\"wpcf7 no-js\" id=\"wpcf7-f1130-o1\" lang=\"en-US\" dir=\"ltr\" data-wpcf7-id=\"1130\">\n<div class=\"screen-reader-response\"><p role=\"status\" aria-live=\"polite\" aria-atomic=\"true\"><\/p> <ul><\/ul><\/div>\n<form action=\"\/en\/wp-json\/wp\/v2\/pages\/895#wpcf7-f1130-o1\" method=\"post\" class=\"wpcf7-form init\" aria-label=\"Contact form\" novalidate=\"novalidate\" data-status=\"init\">\n<fieldset class=\"hidden-fields-container\"><input type=\"hidden\" name=\"_wpcf7\" value=\"1130\" \/><input type=\"hidden\" name=\"_wpcf7_version\" value=\"6.1.4\" \/><input type=\"hidden\" name=\"_wpcf7_locale\" value=\"en_US\" \/><input type=\"hidden\" name=\"_wpcf7_unit_tag\" value=\"wpcf7-f1130-o1\" \/><input type=\"hidden\" name=\"_wpcf7_container_post\" value=\"0\" \/><input type=\"hidden\" name=\"_wpcf7_posted_data_hash\" value=\"\" \/>\n<\/fieldset>\n<p><label>Your Name (required)<br \/>\n<span class=\"wpcf7-form-control-wrap\" data-name=\"your-name\"><input size=\"40\" maxlength=\"400\" class=\"wpcf7-form-control wpcf7-text wpcf7-validates-as-required\" aria-required=\"true\" aria-invalid=\"false\" value=\"\" type=\"text\" name=\"your-name\" \/><\/span> <\/label>\n<\/p>\n<p><span id=\"wpcf7-69ea4abda1042-wrapper\" class=\"wpcf7-form-control-wrap my-name-wrap\" ><label for=\"wpcf7-69ea4abda1042-field\" class=\"hp-message\">Please leave this field empty.<\/label><input id=\"wpcf7-69ea4abda1042-field\"  class=\"wpcf7-form-control wpcf7-text\" type=\"text\" name=\"my-name\" value=\"\" size=\"40\" tabindex=\"-1\" autocomplete=\"new-password\" \/><\/span>\n<\/p>\n<p><label>Your Email (required)<br \/>\n<span class=\"wpcf7-form-control-wrap\" data-name=\"your-email\"><input size=\"40\" maxlength=\"400\" class=\"wpcf7-form-control wpcf7-email wpcf7-validates-as-required wpcf7-text wpcf7-validates-as-email\" aria-required=\"true\" aria-invalid=\"false\" value=\"\" type=\"email\" name=\"your-email\" \/><\/span> <\/label>\n<\/p>\n<p><label>Subject<br \/>\n<span class=\"wpcf7-form-control-wrap\" data-name=\"your-subject\"><input size=\"40\" maxlength=\"400\" class=\"wpcf7-form-control wpcf7-text\" aria-invalid=\"false\" value=\"\" type=\"text\" name=\"your-subject\" \/><\/span> <\/label>\n<\/p>\n<p><label>Your Message<br \/>\n<span class=\"wpcf7-form-control-wrap\" data-name=\"your-message\"><textarea cols=\"40\" rows=\"10\" maxlength=\"2000\" class=\"wpcf7-form-control wpcf7-textarea\" aria-invalid=\"false\" name=\"your-message\"><\/textarea><\/span> <\/label>\n<\/p>\n<p><span id=\"wpcf7-69ea4abda132f-wrapper\" class=\"wpcf7-form-control-wrap my-message-wrap\" ><label for=\"wpcf7-69ea4abda132f-field\" class=\"hp-message\">Please leave this field empty.<\/label><input id=\"wpcf7-69ea4abda132f-field\"  class=\"wpcf7-form-control wpcf7-text\" type=\"text\" name=\"my-message\" value=\"\" size=\"40\" tabindex=\"-1\" autocomplete=\"new-password\" \/><\/span>\n<\/p>\n<p><label>Please enter the correct result: <\/label><br \/>\n<span class=\"wpcf7-form-control-wrap\" data-name=\"quiz-mintfit\"><label><span class=\"wpcf7-quiz-label\">8 + 2 =<\/span> <input size=\"40\" class=\"wpcf7-form-control wpcf7-quiz cf7-quiz\" id=\"cf7-mintfit-contact\" autocomplete=\"off\" aria-required=\"true\" aria-invalid=\"false\" type=\"text\" name=\"quiz-mintfit\" \/><\/label><input type=\"hidden\" name=\"_wpcf7_quiz_answer_quiz-mintfit\" value=\"1556dabe0b20ec61f1e3b8c9860675f1\" \/><\/span>\n<\/p>\n<p><input class=\"wpcf7-form-control wpcf7-submit has-spinner\" type=\"submit\" value=\"Send\" \/>\n<\/p><div class=\"wpcf7-response-output\" aria-hidden=\"true\"><\/div>\n<\/form>\n<\/div>\n\n","protected":false},"excerpt":{"rendered":"<p>MINTFIT Hamburg E-Mail: kontakt@mintfit.hamburg Phone: +49 40 42878 4960 Address: MINTFIT Hamburg Arbeitsstelle MINTFIT Hamburg (AMH) Technische Universit\u00e4t Hamburg (TUHH) Schlo\u00dfm\u00fchlendamm 30 21073 Hamburg Contact form<\/p>\n","protected":false},"author":1,"featured_media":0,"parent":893,"menu_order":13,"comment_status":"closed","ping_status":"closed","template":"","meta":{"inline_featured_image":false,"footnotes":""},"class_list":["post-895","page","type-page","status-publish","hentry"],"_links":{"self":[{"href":"https:\/\/www.mintfit.hamburg\/en\/wp-json\/wp\/v2\/pages\/895","targetHints":{"allow":["GET"]}}],"collection":[{"href":"https:\/\/www.mintfit.hamburg\/en\/wp-json\/wp\/v2\/pages"}],"about":[{"href":"https:\/\/www.mintfit.hamburg\/en\/wp-json\/wp\/v2\/types\/page"}],"author":[{"embeddable":true,"href":"https:\/\/www.mintfit.hamburg\/en\/wp-json\/wp\/v2\/users\/1"}],"replies":[{"embeddable":true,"href":"https:\/\/www.mintfit.hamburg\/en\/wp-json\/wp\/v2\/comments?post=895"}],"version-history":[{"count":4,"href":"https:\/\/www.mintfit.hamburg\/en\/wp-json\/wp\/v2\/pages\/895\/revisions"}],"predecessor-version":[{"id":5482,"href":"https:\/\/www.mintfit.hamburg\/en\/wp-json\/wp\/v2\/pages\/895\/revisions\/5482"}],"up":[{"embeddable":true,"href":"https:\/\/www.mintfit.hamburg\/en\/wp-json\/wp\/v2\/pages\/893"}],"wp:attachment":[{"href":"https:\/\/www.mintfit.hamburg\/en\/wp-json\/wp\/v2\/media?parent=895"}],"curies":[{"name":"wp","href":"https:\/\/api.w.org\/{rel}","templated":true}]}}